{"id":23,"date":"2024-03-20T17:21:09","date_gmt":"2024-03-20T20:21:09","guid":{"rendered":"http:\/\/cibeles.cl\/?page_id=23"},"modified":"2024-03-21T00:00:12","modified_gmt":"2024-03-21T03:00:12","slug":"el-equipo","status":"publish","type":"page","link":"http:\/\/cibeles.cl\/index.php\/el-equipo\/","title":{"rendered":"El equipo"},"content":{"rendered":"\n<div class=\"wp-block-columns is-layout-flex wp-container-core-columns-is-layout-9d6595d7 wp-block-columns-is-layout-flex\">\n<div class=\"wp-block-column is-layout-flow wp-block-column-is-layout-flow\">\n<div class=\"wp-block-buttons alignfull is-content-justification-center is-layout-flex wp-container-core-buttons-is-layout-d9cd0f1e wp-block-buttons-is-layout-flex\">\n<div class=\"wp-block-button is-style-fill\"><a class=\"wp-block-button__link has-text-align-center wp-element-button\">Erich Ramos &#8211; Socio fundador<\/a><\/div>\n<\/div>\n\n\n\n<figure class=\"wp-block-image size-full\"><img loading=\"lazy\" decoding=\"async\" width=\"550\" height=\"513\" src=\"http:\/\/cibeles.cl\/wp-content\/uploads\/2024\/03\/foto-erich-ramos.jpg\" alt=\"\" class=\"wp-image-43\" srcset=\"http:\/\/cibeles.cl\/wp-content\/uploads\/2024\/03\/foto-erich-ramos.jpg 550w, http:\/\/cibeles.cl\/wp-content\/uploads\/2024\/03\/foto-erich-ramos-300x280.jpg 300w\" sizes=\"auto, (max-width: 550px) 100vw, 550px\" \/><\/figure>\n\n\n\n<p>Ingeniero Civil de la Universidad Federico Santa Mar\u00eda, con m\u00e1s de 30 a\u00f1os de experiencia en el \u00e1rea inform\u00e1tica y tecnolog\u00eda, aplicada a la gesti\u00f3n de empresas y organismos p\u00fablicos.<br>Como Consultor en el \u00e1rea inform\u00e1tica se ha desempe\u00f1ado en diversos roles, como Asesor Tecnol\u00f3gico, Gerente de Proyectos, Consultor de Procesos de Negocios, Arquitecto de Soluciones, Dise\u00f1ador de Sistemas,&nbsp;Product Owner, Scrum Master (gesti\u00f3n \u00e1gil de proyectos) e implementador de proyectos complejos de TI (gesti\u00f3n del cambio)..<br>Su principal competencia es entender negocios complejos y dise\u00f1ar los sistemas inform\u00e1ticos pertinentes.<\/p>\n<\/div>\n\n\n\n<div class=\"wp-block-column is-layout-flow wp-block-column-is-layout-flow\">\n<div class=\"wp-block-buttons is-layout-flex wp-block-buttons-is-layout-flex\">\n<div class=\"wp-block-button\"><a class=\"wp-block-button__link wp-element-button\"><strong>Jacqueline Valenzuela \u2013 Socia fundadora<\/strong><\/a><\/div>\n<\/div>\n\n\n\n<figure class=\"wp-block-image size-full\"><img loading=\"lazy\" decoding=\"async\" width=\"551\" height=\"509\" src=\"http:\/\/cibeles.cl\/wp-content\/uploads\/2024\/03\/Foto-jacqueline-valenzuela-2018.jpg\" alt=\"\" class=\"wp-image-44\" srcset=\"http:\/\/cibeles.cl\/wp-content\/uploads\/2024\/03\/Foto-jacqueline-valenzuela-2018.jpg 551w, http:\/\/cibeles.cl\/wp-content\/uploads\/2024\/03\/Foto-jacqueline-valenzuela-2018-300x277.jpg 300w\" sizes=\"auto, (max-width: 551px) 100vw, 551px\" \/><\/figure>\n\n\n\n<p>Ingeniero Comercial de la Universidad Adolfo Iba\u00f1ez. M\u00e1s de 30 a\u00f1os de experiencia en gesti\u00f3n de empresas, consultor\u00eda gerencial y emprendimientos personales.&nbsp;Desde 1995 a la fecha asesora a ejecutivos y sus equipos (coaching), &nbsp;en sus desaf\u00edos profesionales, en temas de planificaci\u00f3n estrat\u00e9gica, transformaciones culturales y acompa\u00f1amiento de equipos en la ejecuci\u00f3n de proyectos.<\/p>\n\n\n\n<p><br><br><br><\/p>\n<\/div>\n\n\n\n<div class=\"wp-block-column is-layout-flow wp-block-column-is-layout-flow\">\n<div class=\"wp-block-buttons alignfull is-content-justification-center is-layout-flex wp-container-core-buttons-is-layout-d9cd0f1e wp-block-buttons-is-layout-flex\">\n<div class=\"wp-block-button\"><a class=\"wp-block-button__link wp-element-button\">Jonny Heiss &#8211; Consultor asociado<\/a><\/div>\n<\/div>\n\n\n<div class=\"wp-block-image\">\n<figure class=\"aligncenter size-full\"><img loading=\"lazy\" decoding=\"async\" width=\"301\" height=\"301\" src=\"http:\/\/cibeles.cl\/wp-content\/uploads\/2024\/03\/foto-jhs_orig.jpg\" alt=\"\" class=\"wp-image-45\" srcset=\"http:\/\/cibeles.cl\/wp-content\/uploads\/2024\/03\/foto-jhs_orig.jpg 301w, http:\/\/cibeles.cl\/wp-content\/uploads\/2024\/03\/foto-jhs_orig-150x150.jpg 150w\" sizes=\"auto, (max-width: 301px) 100vw, 301px\" \/><\/figure>\n<\/div>\n\n\n<p>Ingeniero Civil de la Universidad de Chile, con m\u00e1s de 20 a\u00f1os de experiencia en consultor\u00eda en el sector p\u00fablico en:<\/p>\n\n\n\n<ul class=\"wp-block-list\">\n<li>Direcci\u00f3n de grandes proyectos inform\u00e1ticos, dise\u00f1o e implementaci\u00f3n de soluciones inform\u00e1ticas.<\/li>\n\n\n\n<li>Desarrollo Organizacional, Planificaci\u00f3n Estrat\u00e9gica, Control de Gesti\u00f3n, Tecnolog\u00eda de la Informaci\u00f3n, RRHH, direcci\u00f3n de PMO.<\/li>\n<\/ul>\n<\/div>\n<\/div>\n","protected":false},"excerpt":{"rendered":"<p>Ingeniero Civil de la Universidad Federico Santa Mar\u00eda, con m\u00e1s de 30 a\u00f1os de experiencia en el \u00e1rea inform\u00e1tica y tecnolog\u00eda, aplicada a la gesti\u00f3n de empresas y organismos p\u00fablicos.Como Consultor en el \u00e1rea inform\u00e1tica se ha desempe\u00f1ado en diversos roles, como Asesor Tecnol\u00f3gico, Gerente de Proyectos, Consultor de Procesos de Negocios, Arquitecto de Soluciones,&#8230;<\/p>\n","protected":false},"author":1,"featured_media":0,"parent":0,"menu_order":0,"comment_status":"closed","ping_status":"closed","template":"","meta":{"_kad_post_transparent":"","_kad_post_title":"","_kad_post_layout":"","_kad_post_sidebar_id":"","_kad_post_content_style":"","_kad_post_vertical_padding":"","_kad_post_feature":"","_kad_post_feature_position":"","_kad_post_header":false,"_kad_post_footer":false,"footnotes":""},"class_list":["post-23","page","type-page","status-publish","hentry"],"_links":{"self":[{"href":"http:\/\/cibeles.cl\/index.php\/wp-json\/wp\/v2\/pages\/23","targetHints":{"allow":["GET"]}}],"collection":[{"href":"http:\/\/cibeles.cl\/index.php\/wp-json\/wp\/v2\/pages"}],"about":[{"href":"http:\/\/cibeles.cl\/index.php\/wp-json\/wp\/v2\/types\/page"}],"author":[{"embeddable":true,"href":"http:\/\/cibeles.cl\/index.php\/wp-json\/wp\/v2\/users\/1"}],"replies":[{"embeddable":true,"href":"http:\/\/cibeles.cl\/index.php\/wp-json\/wp\/v2\/comments?post=23"}],"version-history":[{"count":4,"href":"http:\/\/cibeles.cl\/index.php\/wp-json\/wp\/v2\/pages\/23\/revisions"}],"predecessor-version":[{"id":64,"href":"http:\/\/cibeles.cl\/index.php\/wp-json\/wp\/v2\/pages\/23\/revisions\/64"}],"wp:attachment":[{"href":"http:\/\/cibeles.cl\/index.php\/wp-json\/wp\/v2\/media?parent=23"}],"curies":[{"name":"wp","href":"https:\/\/api.w.org\/{rel}","templated":true}]}}