{"id":14,"date":"2024-03-20T17:06:05","date_gmt":"2024-03-20T20:06:05","guid":{"rendered":"http:\/\/cibeles.cl\/?page_id=14"},"modified":"2024-03-20T17:41:32","modified_gmt":"2024-03-20T20:41:32","slug":"quienes-somos","status":"publish","type":"page","link":"http:\/\/cibeles.cl\/index.php\/quienes-somos\/","title":{"rendered":"Nuestra historia"},"content":{"rendered":"\n<p>Cibeles SpA es una empresa creada en 1995 con el objeto de brindar servicios de consultor\u00eda en los \u00e1mbitos de la tecnolog\u00eda de la informaci\u00f3n y la gesti\u00f3n estrat\u00e9gica de las organizaciones.<\/p>\n","protected":false},"excerpt":{"rendered":"<p>Cibeles SpA es una empresa creada en 1995 con el objeto de brindar servicios de consultor\u00eda en los \u00e1mbitos de la tecnolog\u00eda de la informaci\u00f3n y la gesti\u00f3n estrat\u00e9gica de las organizaciones.<\/p>\n","protected":false},"author":1,"featured_media":0,"parent":0,"menu_order":0,"comment_status":"closed","ping_status":"closed","template":"","meta":{"_kad_post_transparent":"","_kad_post_title":"","_kad_post_layout":"","_kad_post_sidebar_id":"","_kad_post_content_style":"","_kad_post_vertical_padding":"","_kad_post_feature":"","_kad_post_feature_position":"","_kad_post_header":false,"_kad_post_footer":false,"footnotes":""},"class_list":["post-14","page","type-page","status-publish","hentry"],"_links":{"self":[{"href":"http:\/\/cibeles.cl\/index.php\/wp-json\/wp\/v2\/pages\/14","targetHints":{"allow":["GET"]}}],"collection":[{"href":"http:\/\/cibeles.cl\/index.php\/wp-json\/wp\/v2\/pages"}],"about":[{"href":"http:\/\/cibeles.cl\/index.php\/wp-json\/wp\/v2\/types\/page"}],"author":[{"embeddable":true,"href":"http:\/\/cibeles.cl\/index.php\/wp-json\/wp\/v2\/users\/1"}],"replies":[{"embeddable":true,"href":"http:\/\/cibeles.cl\/index.php\/wp-json\/wp\/v2\/comments?post=14"}],"version-history":[{"count":3,"href":"http:\/\/cibeles.cl\/index.php\/wp-json\/wp\/v2\/pages\/14\/revisions"}],"predecessor-version":[{"id":36,"href":"http:\/\/cibeles.cl\/index.php\/wp-json\/wp\/v2\/pages\/14\/revisions\/36"}],"wp:attachment":[{"href":"http:\/\/cibeles.cl\/index.php\/wp-json\/wp\/v2\/media?parent=14"}],"curies":[{"name":"wp","href":"https:\/\/api.w.org\/{rel}","templated":true}]}}